{"id":9801,"date":"2020-12-21T13:44:12","date_gmt":"2020-12-21T13:44:12","guid":{"rendered":"https:\/\/estudiar.vamtam.com\/?page_id=9801"},"modified":"2025-10-07T18:17:19","modified_gmt":"2025-10-07T23:17:19","slug":"mission-values","status":"publish","type":"page","link":"https:\/\/unapedu.net\/fr\/mission-values\/","title":{"rendered":"Mission &#038; Values"},"content":{"rendered":"<div data-elementor-type=\"wp-page\" data-elementor-id=\"9801\" class=\"elementor elementor-9801\" data-elementor-post-type=\"page\">\n\t\t\t\t\t\t<section class=\"elementor-section elementor-top-section elementor-element elementor-element-214f044 elementor-section-height-min-height elementor-section-boxed elementor-section-height-default elementor-section-items-middle\" data-id=\"214f044\" data-element_type=\"section\" data-e-type=\"section\" data-settings=\"{&quot;background_background&quot;:&quot;classic&quot;}\">\n\t\t\t\t\t\t<div class=\"elementor-container elementor-column-gap-default\">\n\t\t\t\t\t<div class=\"elementor-column elementor-col-100 elementor-top-column elementor-element elementor-element-e0139af\" data-id=\"e0139af\" data-element_type=\"column\" data-e-type=\"column\" data-settings=\"{&quot;background_background&quot;:&quot;classic&quot;}\">\n\t\t\t<div class=\"elementor-widget-wrap\">\n\t\t\t\t\t\t\t<\/div>\n\t\t<\/div>\n\t\t\t\t\t<\/div>\n\t\t<\/section>\n\t\t\t\t<section class=\"elementor-section elementor-top-section elementor-element elementor-element-0cd2b90 elementor-section-boxed elementor-section-height-default elementor-section-height-default\" data-id=\"0cd2b90\" data-element_type=\"section\" data-e-type=\"section\">\n\t\t\t\t\t\t<div class=\"elementor-container elementor-column-gap-no\">\n\t\t\t\t\t<div class=\"elementor-column elementor-col-50 elementor-top-column elementor-element elementor-element-f748e52 animated-fast elementor-invisible\" data-id=\"f748e52\" data-element_type=\"column\" data-e-type=\"column\" data-settings=\"{&quot;background_background&quot;:&quot;classic&quot;,&quot;animation&quot;:&quot;fadeIn&quot;,&quot;animation_tablet&quot;:&quot;none&quot;,&quot;animation_mobile&quot;:&quot;none&quot;,&quot;animation_delay&quot;:100}\">\n\t\t\t<div class=\"elementor-widget-wrap elementor-element-populated\">\n\t\t\t\t\t\t<div class=\"elementor-element elementor-element-5ed4c34 elementor-widget__width-auto elementor-widget-tablet__width-auto elementor-widget-mobile__width-inherit elementor-widget elementor-widget-heading\" data-id=\"5ed4c34\" data-element_type=\"widget\" data-e-type=\"widget\" data-widget_type=\"heading.heading_charityfy\">\n\t\t\t\t<div class=\"elementor-widget-container\">\n\t\t\t\t\t<h1 class=\"elementor-heading-title elementor-size-default\">Mission <\/h1>\t\t\t\t<\/div>\n\t\t\t\t<\/div>\n\t\t\t\t\t<\/div>\n\t\t<\/div>\n\t\t\t\t<div class=\"elementor-column elementor-col-50 elementor-top-column elementor-element elementor-element-e22eb87 elementor-hidden-desktop elementor-hidden-tablet elementor-hidden-phone\" data-id=\"e22eb87\" data-element_type=\"column\" data-e-type=\"column\">\n\t\t\t<div class=\"elementor-widget-wrap\">\n\t\t\t\t\t\t\t<\/div>\n\t\t<\/div>\n\t\t\t\t\t<\/div>\n\t\t<\/section>\n\t\t\t\t<section class=\"elementor-section elementor-top-section elementor-element elementor-element-e31143b elementor-section-boxed elementor-section-height-default elementor-section-height-default\" data-id=\"e31143b\" data-element_type=\"section\" data-e-type=\"section\" data-settings=\"{&quot;animation&quot;:&quot;none&quot;,&quot;animation_tablet&quot;:&quot;none&quot;,&quot;animation_mobile&quot;:&quot;none&quot;,&quot;animation_delay&quot;:300}\">\n\t\t\t\t\t\t<div class=\"elementor-container elementor-column-gap-default\">\n\t\t\t\t\t<div class=\"elementor-column elementor-col-50 elementor-top-column elementor-element elementor-element-4f447c2\" data-id=\"4f447c2\" data-element_type=\"column\" data-e-type=\"column\">\n\t\t\t<div class=\"elementor-widget-wrap elementor-element-populated\">\n\t\t\t\t\t\t<div class=\"elementor-element elementor-element-202e291 elementor-widget elementor-widget-heading\" data-id=\"202e291\" data-element_type=\"widget\" data-e-type=\"widget\" data-widget_type=\"heading.default\">\n\t\t\t\t<div class=\"elementor-widget-container\">\n\t\t\t\t\t<h2 class=\"elementor-heading-title elementor-size-default\">Mission<\/h2>\t\t\t\t<\/div>\n\t\t\t\t<\/div>\n\t\t\t\t\t<\/div>\n\t\t<\/div>\n\t\t\t\t<div class=\"elementor-column elementor-col-50 elementor-top-column elementor-element elementor-element-c59dcb5\" data-id=\"c59dcb5\" data-element_type=\"column\" data-e-type=\"column\">\n\t\t\t<div class=\"elementor-widget-wrap elementor-element-populated\">\n\t\t\t\t\t\t<div class=\"elementor-element elementor-element-036729c elementor-widget elementor-widget-text-editor\" data-id=\"036729c\" data-element_type=\"widget\" data-e-type=\"widget\" data-widget_type=\"text-editor.default\">\n\t\t\t\t<div class=\"elementor-widget-container\">\n\t\t\t\t\t\t\t\t\t<p>La mission de l\u2019Universit\u00e9 Autonome de Port-au-Prince (UNAP) est de servir la soci\u00e9t\u00e9 ha\u00eftienne en mettant l\u2019\u00e9ducation au c\u0153ur du progr\u00e8s humain. Elle s\u2019engage \u00e0 promouvoir la dignit\u00e9 de la personne et \u00e0 renforcer les capacit\u00e9s individuelles et collectives \u00e0 travers un enseignement sup\u00e9rieur de qualit\u00e9.<\/p><div class=\"my-2\">\u00a0<\/div><p data-spm-anchor-id=\"a2ty_o01.29997173.0.i28.4facc921yhzTFn\">Cette mission s\u2019inscrit dans une perspective de transformation nationale : en formant des citoyens \u00e9clair\u00e9s, responsables et comp\u00e9tents, l\u2019UNAP contribue activement au d\u00e9veloppement socio-\u00e9conomique et politique d\u2019Ha\u00efti, dans le respect de ses valeurs culturelles et de ses besoins prioritaires.<\/p>\t\t\t\t\t\t\t\t<\/div>\n\t\t\t\t<\/div>\n\t\t\t\t\t<\/div>\n\t\t<\/div>\n\t\t\t\t\t<\/div>\n\t\t<\/section>\n\t\t\t\t<section class=\"elementor-section elementor-top-section elementor-element elementor-element-3917c5a elementor-section-boxed elementor-section-height-default elementor-section-height-default\" data-id=\"3917c5a\" data-element_type=\"section\" data-e-type=\"section\" data-settings=\"{&quot;background_background&quot;:&quot;gradient&quot;}\">\n\t\t\t\t\t\t<div class=\"elementor-container elementor-column-gap-default\">\n\t\t\t\t\t<div class=\"elementor-column elementor-col-100 elementor-top-column elementor-element elementor-element-8457a61\" data-id=\"8457a61\" data-element_type=\"column\" data-e-type=\"column\">\n\t\t\t<div class=\"elementor-widget-wrap\">\n\t\t\t\t\t\t\t<\/div>\n\t\t<\/div>\n\t\t\t\t\t<\/div>\n\t\t<\/section>\n\t\t\t\t<section class=\"elementor-section elementor-top-section elementor-element elementor-element-9ae7813 elementor-section-boxed elementor-section-height-default elementor-section-height-default\" data-id=\"9ae7813\" data-element_type=\"section\" data-e-type=\"section\" data-settings=\"{&quot;background_background&quot;:&quot;classic&quot;}\">\n\t\t\t\t\t\t<div class=\"elementor-container elementor-column-gap-default\">\n\t\t\t\t\t<div class=\"elementor-column elementor-col-50 elementor-top-column elementor-element elementor-element-64d9390\" data-id=\"64d9390\" data-element_type=\"column\" data-e-type=\"column\">\n\t\t\t<div class=\"elementor-widget-wrap elementor-element-populated\">\n\t\t\t\t\t\t<div class=\"elementor-element elementor-element-a83bd2a elementor-view-default elementor-widget elementor-widget-icon\" data-id=\"a83bd2a\" data-element_type=\"widget\" data-e-type=\"widget\" data-settings=\"{&quot;_animation&quot;:&quot;none&quot;,&quot;_animation_tablet&quot;:&quot;none&quot;,&quot;_animation_mobile&quot;:&quot;none&quot;,&quot;_animation_delay&quot;:100}\" data-widget_type=\"icon.default\">\n\t\t\t\t<div class=\"elementor-widget-container\">\n\t\t\t\t\t\t\t<div class=\"elementor-icon-wrapper\">\n\t\t\t<div class=\"elementor-icon\">\n\t\t\t<i aria-hidden=\"true\" class=\"vamtamtheme- vamtam-theme-education\"><\/i>\t\t\t<\/div>\n\t\t<\/div>\n\t\t\t\t\t\t<\/div>\n\t\t\t\t<\/div>\n\t\t\t\t<div class=\"elementor-element elementor-element-53a1093 animated-slow elementor-widget elementor-widget-heading\" data-id=\"53a1093\" data-element_type=\"widget\" data-e-type=\"widget\" data-settings=\"{&quot;_animation&quot;:&quot;none&quot;,&quot;_animation_tablet&quot;:&quot;none&quot;,&quot;_animation_mobile&quot;:&quot;none&quot;,&quot;_animation_delay&quot;:100}\" data-widget_type=\"heading.default\">\n\t\t\t\t<div class=\"elementor-widget-container\">\n\t\t\t\t\t<h2 class=\"elementor-heading-title elementor-size-default\">Vision<\/h2>\t\t\t\t<\/div>\n\t\t\t\t<\/div>\n\t\t\t\t<div class=\"elementor-element elementor-element-864544f elementor-widget elementor-widget-text-editor\" data-id=\"864544f\" data-element_type=\"widget\" data-e-type=\"widget\" data-settings=\"{&quot;_animation&quot;:&quot;none&quot;,&quot;_animation_tablet&quot;:&quot;none&quot;,&quot;_animation_mobile&quot;:&quot;none&quot;,&quot;_animation_delay&quot;:200}\" data-widget_type=\"text-editor.default\">\n\t\t\t\t<div class=\"elementor-widget-container\">\n\t\t\t\t\t\t\t\t\t<p data-spm-anchor-id=\"a2ty_o01.29997173.0.i11.4facc921yhzTFn\"><strong>L\u2019Universit\u00e9 Autonome de Port-au-Prince s\u2019inscrit dans une philosophie anthropochr\u00e9tienne, qui place la personne humaine au c\u0153ur de sa mission \u00e9ducative. Cette vision repose sur la conviction que l\u2019\u00e9ducation ne se limite pas \u00e0 la transmission de savoirs, mais qu\u2019elle doit aussi contribuer \u00e0 fa\u00e7onner des individus conscients, responsables et engag\u00e9s dans leur communaut\u00e9.<\/strong><\/p><div class=\"my-2\">\u00a0<\/div><p data-spm-anchor-id=\"a2ty_o01.29997173.0.i10.4facc921yhzTFn\"><strong>C\u2019est pourquoi l\u2019Universit\u00e9 vise la transformation int\u00e9grale de l\u2019\u00eatre humain \u00e0 travers trois dimensions indissociables : sociale, intellectuelle et morale. En cultivant ces trois piliers, elle \u0153uvre \u00e0 l\u2019humanisation de la personne, la guidant vers son \u00e9panouissement et son accomplissement total, tant sur le plan individuel que collectif.<\/strong><\/p>\t\t\t\t\t\t\t\t<\/div>\n\t\t\t\t<\/div>\n\t\t\t\t\t<\/div>\n\t\t<\/div>\n\t\t\t\t<div class=\"elementor-column elementor-col-50 elementor-top-column elementor-element elementor-element-65444d8\" data-id=\"65444d8\" data-element_type=\"column\" data-e-type=\"column\">\n\t\t\t<div class=\"elementor-widget-wrap elementor-element-populated\">\n\t\t\t\t\t\t<div class=\"elementor-element elementor-element-00761e4 elementor-widget elementor-widget-image\" data-id=\"00761e4\" data-element_type=\"widget\" data-e-type=\"widget\" data-settings=\"{&quot;motion_fx_motion_fx_scrolling&quot;:&quot;yes&quot;,&quot;motion_fx_scale_effect&quot;:&quot;yes&quot;,&quot;motion_fx_scale_speed&quot;:{&quot;unit&quot;:&quot;px&quot;,&quot;size&quot;:1,&quot;sizes&quot;:[]},&quot;motion_fx_scale_range&quot;:{&quot;unit&quot;:&quot;%&quot;,&quot;size&quot;:&quot;&quot;,&quot;sizes&quot;:{&quot;start&quot;:0,&quot;end&quot;:100}},&quot;motion_fx_devices&quot;:[&quot;desktop&quot;],&quot;_animation&quot;:&quot;none&quot;,&quot;motion_fx_scale_direction&quot;:&quot;out-in&quot;}\" data-widget_type=\"image.default\">\n\t\t\t\t<div class=\"elementor-widget-container\">\n\t\t\t\t\t\t\t\t\t<div class=\"elementor-image\">\n\t\t\t\t\t\t\t\t\t\t\t\t\t\t\t\t\t\t\t\t\t<img fetchpriority=\"high\" decoding=\"async\" width=\"720\" height=\"540\" src=\"https:\/\/unapedu.net\/wp-content\/uploads\/2025\/01\/FB_IMG_1511710503040.webp\" class=\"attachment-full size-full wp-image-50307\" alt=\"\" srcset=\"https:\/\/unapedu.net\/wp-content\/uploads\/2025\/01\/FB_IMG_1511710503040.webp 720w, https:\/\/unapedu.net\/wp-content\/uploads\/2025\/01\/FB_IMG_1511710503040-300x225.webp 300w\" sizes=\"(max-width: 720px) 100vw, 720px\" \/>\t\t\t\t\t\t\t\t\t\t\t\t\t\t\t\t\t\t\t\t\t\t\t\t<\/div>\n\t\t\t\t\t\t\t\t<\/div>\n\t\t\t\t<\/div>\n\t\t\t\t\t<\/div>\n\t\t<\/div>\n\t\t\t\t\t<\/div>\n\t\t<\/section>\n\t\t\t\t<section class=\"elementor-section elementor-top-section elementor-element elementor-element-6f821c2 elementor-section-boxed elementor-section-height-default elementor-section-height-default\" data-id=\"6f821c2\" data-element_type=\"section\" data-e-type=\"section\" data-settings=\"{&quot;background_background&quot;:&quot;classic&quot;}\">\n\t\t\t\t\t\t<div class=\"elementor-container elementor-column-gap-default\">\n\t\t\t\t\t<div class=\"elementor-column elementor-col-100 elementor-top-column elementor-element elementor-element-de3862f\" data-id=\"de3862f\" data-element_type=\"column\" data-e-type=\"column\">\n\t\t\t<div class=\"elementor-widget-wrap\">\n\t\t\t\t\t\t\t<\/div>\n\t\t<\/div>\n\t\t\t\t\t<\/div>\n\t\t<\/section>\n\t\t\t\t<section class=\"elementor-section elementor-top-section elementor-element elementor-element-57d7b3c elementor-section-boxed elementor-section-height-default elementor-section-height-default\" data-id=\"57d7b3c\" data-element_type=\"section\" data-e-type=\"section\" data-settings=\"{&quot;background_background&quot;:&quot;classic&quot;}\">\n\t\t\t\t\t\t<div class=\"elementor-container elementor-column-gap-default\">\n\t\t\t\t\t<div class=\"elementor-column elementor-col-100 elementor-top-column elementor-element elementor-element-42de4f3\" data-id=\"42de4f3\" data-element_type=\"column\" data-e-type=\"column\">\n\t\t\t<div class=\"elementor-widget-wrap elementor-element-populated\">\n\t\t\t\t\t\t<div class=\"elementor-element elementor-element-788dcad elementor-widget__width-auto animated-fast elementor-invisible elementor-widget elementor-widget-heading\" data-id=\"788dcad\" data-element_type=\"widget\" data-e-type=\"widget\" data-settings=\"{&quot;_animation&quot;:&quot;fadeIn&quot;,&quot;_animation_tablet&quot;:&quot;none&quot;,&quot;_animation_mobile&quot;:&quot;none&quot;,&quot;_animation_delay&quot;:200}\" data-widget_type=\"heading.default\">\n\t\t\t\t<div class=\"elementor-widget-container\">\n\t\t\t\t\t<h1 class=\"elementor-heading-title elementor-size-default\">DEMANDE D\u2019ADMISSION\u200b<\/h1>\t\t\t\t<\/div>\n\t\t\t\t<\/div>\n\t\t\t\t\t<\/div>\n\t\t<\/div>\n\t\t\t\t\t<\/div>\n\t\t<\/section>\n\t\t\t\t<section class=\"elementor-section elementor-top-section elementor-element elementor-element-23d026d elementor-section-boxed elementor-section-height-default elementor-section-height-default\" data-id=\"23d026d\" data-element_type=\"section\" data-e-type=\"section\" data-settings=\"{&quot;background_background&quot;:&quot;classic&quot;}\">\n\t\t\t\t\t\t<div class=\"elementor-container elementor-column-gap-default\">\n\t\t\t\t\t<div class=\"elementor-column elementor-col-100 elementor-top-column elementor-element elementor-element-8b0d63d\" data-id=\"8b0d63d\" data-element_type=\"column\" data-e-type=\"column\">\n\t\t\t<div class=\"elementor-widget-wrap elementor-element-populated\">\n\t\t\t\t\t\t<div class=\"elementor-element elementor-element-d77c54f elementor-widget elementor-widget-heading\" data-id=\"d77c54f\" data-element_type=\"widget\" data-e-type=\"widget\" data-widget_type=\"heading.default\">\n\t\t\t\t<div class=\"elementor-widget-container\">\n\t\t\t\t\t<h5 class=\"elementor-heading-title elementor-size-default\"><span style=\", sans-serif;font-size: 24px;font-style: normal;font-weight: 600\">\u00cates-vous pr\u00eat \u00e0 franchir la prochaine \u00e9tape vers votre future carri\u00e8re ?<\/span><\/h5>\t\t\t\t<\/div>\n\t\t\t\t<\/div>\n\t\t\t\t<div class=\"elementor-element elementor-element-86ccbfb elementor-align-center elementor-mobile-align-left elementor-widget elementor-widget-button\" data-id=\"86ccbfb\" data-element_type=\"widget\" data-e-type=\"widget\" data-widget_type=\"button.default\">\n\t\t\t\t<div class=\"elementor-widget-container\">\n\t\t\t\t\t\t\t\t\t<div class=\"elementor-button-wrapper\">\n\t\t\t\t\t<a class=\"elementor-button elementor-button-link elementor-size-sm\" href=\"https:\/\/www.jotform.com\/232534212104339\">\n\t\t\t\t\t\t<span class=\"elementor-button-content-wrapper\">\n\t\t\t\t\t\t<span class=\"elementor-button-icon\">\n\t\t\t\t<i aria-hidden=\"true\" class=\"vamtamtheme- vamtam-theme-arrow-right\"><\/i>\t\t\t<\/span>\n\t\t\t\t\t\t\t\t\t<span class=\"elementor-button-text\">FORMULAIRE D'ADMISSION<\/span>\n\t\t\t\t\t<\/span>\n\t\t\t\t\t<\/a>\n\t\t\t\t<\/div>\n\t\t\t\t\t\t\t\t<\/div>\n\t\t\t\t<\/div>\n\t\t\t\t<div class=\"elementor-element elementor-element-9e1bdb9 elementor-align-right elementor-widget__width-auto elementor-widget elementor-widget-button\" data-id=\"9e1bdb9\" data-element_type=\"widget\" data-e-type=\"widget\" data-widget_type=\"button.default\">\n\t\t\t\t<div class=\"elementor-widget-container\">\n\t\t\t\t\t\t\t\t\t<div class=\"elementor-button-wrapper\">\n\t\t\t\t\t<a class=\"elementor-button elementor-button-link elementor-size-sm\" href=\"\/request-info\/\">\n\t\t\t\t\t\t<span class=\"elementor-button-content-wrapper\">\n\t\t\t\t\t\t\t\t\t<span class=\"elementor-button-text\">dEMANDE D'INFORMATIONS<\/span>\n\t\t\t\t\t<\/span>\n\t\t\t\t\t<\/a>\n\t\t\t\t<\/div>\n\t\t\t\t\t\t\t\t<\/div>\n\t\t\t\t<\/div>\n\t\t\t\t\t<\/div>\n\t\t<\/div>\n\t\t\t\t\t<\/div>\n\t\t<\/section>\n\t\t\t\t<\/div>\n\t\t\n    <div class=\"xs_social_share_widget xs_share_url after_content \t\tmain_content  wslu-style-1 wslu-share-box-shaped wslu-fill-colored wslu-none wslu-share-horizontal wslu-theme-font-no wslu-main_content\">\n\n\t\t\n        <ul>\n\t\t\t        <\/ul>\n    <\/div>","protected":false},"excerpt":{"rendered":"<p>Mission Mission La mission de l\u2019Universit\u00e9 Autonome de Port-au-Prince (UNAP) est de servir la soci\u00e9t\u00e9 ha\u00eftienne en mettant l\u2019\u00e9ducation au&#8230;<\/p>","protected":false},"author":2,"featured_media":0,"parent":0,"menu_order":0,"comment_status":"closed","ping_status":"closed","template":"","meta":{"footnotes":""},"class_list":["post-9801","page","type-page","status-publish","hentry"],"yoast_head":"<!-- This site is optimized with the Yoast SEO plugin v27.2 - https:\/\/yoast.com\/product\/yoast-seo-wordpress\/ -->\n<title>Mission &amp; Values - UNAP<\/title>\n<meta name=\"robots\" content=\"index, follow, max-snippet:-1, max-image-preview:large, max-video-preview:-1\" \/>\n<link rel=\"canonical\" href=\"https:\/\/unapedu.net\/fr\/mission-values\/\" \/>\n<meta property=\"og:locale\" content=\"fr_FR\" \/>\n<meta property=\"og:type\" content=\"article\" \/>\n<meta property=\"og:title\" content=\"Mission &amp; Values - UNAP\" \/>\n<meta property=\"og:description\" content=\"Mission Mission La mission de l\u2019Universit\u00e9 Autonome de Port-au-Prince (UNAP) est de servir la soci\u00e9t\u00e9 ha\u00eftienne en mettant l\u2019\u00e9ducation au...\" \/>\n<meta property=\"og:url\" content=\"https:\/\/unapedu.net\/fr\/mission-values\/\" \/>\n<meta property=\"og:site_name\" content=\"UNAP\" \/>\n<meta property=\"article:modified_time\" content=\"2025-10-07T23:17:19+00:00\" \/>\n<meta property=\"og:image\" content=\"https:\/\/unapedu.net\/wp-content\/uploads\/2025\/01\/FB_IMG_1511710503040.webp\" \/>\n\t<meta property=\"og:image:width\" content=\"720\" \/>\n\t<meta property=\"og:image:height\" content=\"540\" \/>\n\t<meta property=\"og:image:type\" content=\"image\/webp\" \/>\n<meta name=\"twitter:card\" content=\"summary_large_image\" \/>\n<meta name=\"twitter:label1\" content=\"Dur\u00e9e de lecture estim\u00e9e\" \/>\n\t<meta name=\"twitter:data1\" content=\"2 minutes\" \/>\n<script type=\"application\/ld+json\" class=\"yoast-schema-graph\">{\"@context\":\"https:\/\/schema.org\",\"@graph\":[{\"@type\":\"WebPage\",\"@id\":\"https:\/\/unapedu.net\/fr\/mission-values\/\",\"url\":\"https:\/\/unapedu.net\/fr\/mission-values\/\",\"name\":\"Mission & Values - UNAP\",\"isPartOf\":{\"@id\":\"https:\/\/unapedu.net\/fr\/#website\"},\"primaryImageOfPage\":{\"@id\":\"https:\/\/unapedu.net\/fr\/mission-values\/#primaryimage\"},\"image\":{\"@id\":\"https:\/\/unapedu.net\/fr\/mission-values\/#primaryimage\"},\"thumbnailUrl\":\"https:\/\/unapedu.net\/wp-content\/uploads\/2025\/01\/FB_IMG_1511710503040.webp\",\"datePublished\":\"2020-12-21T13:44:12+00:00\",\"dateModified\":\"2025-10-07T23:17:19+00:00\",\"breadcrumb\":{\"@id\":\"https:\/\/unapedu.net\/fr\/mission-values\/#breadcrumb\"},\"inLanguage\":\"fr-FR\",\"potentialAction\":[{\"@type\":\"ReadAction\",\"target\":[\"https:\/\/unapedu.net\/fr\/mission-values\/\"]}]},{\"@type\":\"ImageObject\",\"inLanguage\":\"fr-FR\",\"@id\":\"https:\/\/unapedu.net\/fr\/mission-values\/#primaryimage\",\"url\":\"https:\/\/unapedu.net\/wp-content\/uploads\/2025\/01\/FB_IMG_1511710503040.webp\",\"contentUrl\":\"https:\/\/unapedu.net\/wp-content\/uploads\/2025\/01\/FB_IMG_1511710503040.webp\"},{\"@type\":\"BreadcrumbList\",\"@id\":\"https:\/\/unapedu.net\/fr\/mission-values\/#breadcrumb\",\"itemListElement\":[{\"@type\":\"ListItem\",\"position\":1,\"name\":\"Home\",\"item\":\"https:\/\/unapedu.net\/\"},{\"@type\":\"ListItem\",\"position\":2,\"name\":\"Mission &#038; Values\"}]},{\"@type\":\"WebSite\",\"@id\":\"https:\/\/unapedu.net\/fr\/#website\",\"url\":\"https:\/\/unapedu.net\/fr\/\",\"name\":\"UNAP\",\"description\":\"Universite Autonome de Port-au-Prince\",\"publisher\":{\"@id\":\"https:\/\/unapedu.net\/fr\/#organization\"},\"potentialAction\":[{\"@type\":\"SearchAction\",\"target\":{\"@type\":\"EntryPoint\",\"urlTemplate\":\"https:\/\/unapedu.net\/fr\/?s={search_term_string}\"},\"query-input\":{\"@type\":\"PropertyValueSpecification\",\"valueRequired\":true,\"valueName\":\"search_term_string\"}}],\"inLanguage\":\"fr-FR\"},{\"@type\":\"Organization\",\"@id\":\"https:\/\/unapedu.net\/fr\/#organization\",\"name\":\"UNAP\",\"url\":\"https:\/\/unapedu.net\/fr\/\",\"logo\":{\"@type\":\"ImageObject\",\"inLanguage\":\"fr-FR\",\"@id\":\"https:\/\/unapedu.net\/fr\/#\/schema\/logo\/image\/\",\"url\":\"https:\/\/unapedu.net\/wp-content\/uploads\/2025\/01\/cropped-logo-Unap-bblue-text-1.webp\",\"contentUrl\":\"https:\/\/unapedu.net\/wp-content\/uploads\/2025\/01\/cropped-logo-Unap-bblue-text-1.webp\",\"width\":240,\"height\":231,\"caption\":\"UNAP\"},\"image\":{\"@id\":\"https:\/\/unapedu.net\/fr\/#\/schema\/logo\/image\/\"}}]}<\/script>\n<!-- \/ Yoast SEO plugin. -->","yoast_head_json":{"title":"Mission & Values - UNAP","robots":{"index":"index","follow":"follow","max-snippet":"max-snippet:-1","max-image-preview":"max-image-preview:large","max-video-preview":"max-video-preview:-1"},"canonical":"https:\/\/unapedu.net\/fr\/mission-values\/","og_locale":"fr_FR","og_type":"article","og_title":"Mission & Values - UNAP","og_description":"Mission Mission La mission de l\u2019Universit\u00e9 Autonome de Port-au-Prince (UNAP) est de servir la soci\u00e9t\u00e9 ha\u00eftienne en mettant l\u2019\u00e9ducation au...","og_url":"https:\/\/unapedu.net\/fr\/mission-values\/","og_site_name":"UNAP","article_modified_time":"2025-10-07T23:17:19+00:00","og_image":[{"width":720,"height":540,"url":"https:\/\/unapedu.net\/wp-content\/uploads\/2025\/01\/FB_IMG_1511710503040.webp","type":"image\/webp"}],"twitter_card":"summary_large_image","twitter_misc":{"Dur\u00e9e de lecture estim\u00e9e":"2 minutes"},"schema":{"@context":"https:\/\/schema.org","@graph":[{"@type":"WebPage","@id":"https:\/\/unapedu.net\/fr\/mission-values\/","url":"https:\/\/unapedu.net\/fr\/mission-values\/","name":"Mission & Values - UNAP","isPartOf":{"@id":"https:\/\/unapedu.net\/fr\/#website"},"primaryImageOfPage":{"@id":"https:\/\/unapedu.net\/fr\/mission-values\/#primaryimage"},"image":{"@id":"https:\/\/unapedu.net\/fr\/mission-values\/#primaryimage"},"thumbnailUrl":"https:\/\/unapedu.net\/wp-content\/uploads\/2025\/01\/FB_IMG_1511710503040.webp","datePublished":"2020-12-21T13:44:12+00:00","dateModified":"2025-10-07T23:17:19+00:00","breadcrumb":{"@id":"https:\/\/unapedu.net\/fr\/mission-values\/#breadcrumb"},"inLanguage":"fr-FR","potentialAction":[{"@type":"ReadAction","target":["https:\/\/unapedu.net\/fr\/mission-values\/"]}]},{"@type":"ImageObject","inLanguage":"fr-FR","@id":"https:\/\/unapedu.net\/fr\/mission-values\/#primaryimage","url":"https:\/\/unapedu.net\/wp-content\/uploads\/2025\/01\/FB_IMG_1511710503040.webp","contentUrl":"https:\/\/unapedu.net\/wp-content\/uploads\/2025\/01\/FB_IMG_1511710503040.webp"},{"@type":"BreadcrumbList","@id":"https:\/\/unapedu.net\/fr\/mission-values\/#breadcrumb","itemListElement":[{"@type":"ListItem","position":1,"name":"Home","item":"https:\/\/unapedu.net\/"},{"@type":"ListItem","position":2,"name":"Mission &#038; Values"}]},{"@type":"WebSite","@id":"https:\/\/unapedu.net\/fr\/#website","url":"https:\/\/unapedu.net\/fr\/","name":"UNAP","description":"Universite Autonome de Port-au-Prince","publisher":{"@id":"https:\/\/unapedu.net\/fr\/#organization"},"potentialAction":[{"@type":"SearchAction","target":{"@type":"EntryPoint","urlTemplate":"https:\/\/unapedu.net\/fr\/?s={search_term_string}"},"query-input":{"@type":"PropertyValueSpecification","valueRequired":true,"valueName":"search_term_string"}}],"inLanguage":"fr-FR"},{"@type":"Organization","@id":"https:\/\/unapedu.net\/fr\/#organization","name":"UNAP","url":"https:\/\/unapedu.net\/fr\/","logo":{"@type":"ImageObject","inLanguage":"fr-FR","@id":"https:\/\/unapedu.net\/fr\/#\/schema\/logo\/image\/","url":"https:\/\/unapedu.net\/wp-content\/uploads\/2025\/01\/cropped-logo-Unap-bblue-text-1.webp","contentUrl":"https:\/\/unapedu.net\/wp-content\/uploads\/2025\/01\/cropped-logo-Unap-bblue-text-1.webp","width":240,"height":231,"caption":"UNAP"},"image":{"@id":"https:\/\/unapedu.net\/fr\/#\/schema\/logo\/image\/"}}]}},"jetpack_sharing_enabled":true,"_links":{"self":[{"href":"https:\/\/unapedu.net\/fr\/wp-json\/wp\/v2\/pages\/9801","targetHints":{"allow":["GET"]}}],"collection":[{"href":"https:\/\/unapedu.net\/fr\/wp-json\/wp\/v2\/pages"}],"about":[{"href":"https:\/\/unapedu.net\/fr\/wp-json\/wp\/v2\/types\/page"}],"author":[{"embeddable":true,"href":"https:\/\/unapedu.net\/fr\/wp-json\/wp\/v2\/users\/2"}],"replies":[{"embeddable":true,"href":"https:\/\/unapedu.net\/fr\/wp-json\/wp\/v2\/comments?post=9801"}],"version-history":[{"count":9,"href":"https:\/\/unapedu.net\/fr\/wp-json\/wp\/v2\/pages\/9801\/revisions"}],"predecessor-version":[{"id":988389,"href":"https:\/\/unapedu.net\/fr\/wp-json\/wp\/v2\/pages\/9801\/revisions\/988389"}],"wp:attachment":[{"href":"https:\/\/unapedu.net\/fr\/wp-json\/wp\/v2\/media?parent=9801"}],"curies":[{"name":"wp","href":"https:\/\/api.w.org\/{rel}","templated":true}]}}