{"id":6397,"date":"2020-11-21T09:54:07","date_gmt":"2020-11-21T09:54:07","guid":{"rendered":"https:\/\/estudiar.vamtam.com\/?page_id=6397"},"modified":"2025-10-13T21:25:03","modified_gmt":"2025-10-14T02:25:03","slug":"history","status":"publish","type":"page","link":"https:\/\/unapedu.net\/fr\/history\/","title":{"rendered":"History"},"content":{"rendered":"<div data-elementor-type=\"wp-page\" data-elementor-id=\"6397\" class=\"elementor elementor-6397\" data-elementor-post-type=\"page\">\n\t\t\t\t\t\t<section class=\"elementor-section elementor-top-section elementor-element elementor-element-2dcc6ef elementor-section-height-min-height elementor-section-boxed elementor-section-height-default elementor-section-items-middle\" data-id=\"2dcc6ef\" data-element_type=\"section\" data-e-type=\"section\" data-settings=\"{&quot;background_background&quot;:&quot;classic&quot;}\">\n\t\t\t\t\t\t\t<div class=\"elementor-background-overlay\"><\/div>\n\t\t\t\t\t\t\t<div class=\"elementor-container elementor-column-gap-default\">\n\t\t\t\t\t<div class=\"elementor-column elementor-col-100 elementor-top-column elementor-element elementor-element-387a2b2\" data-id=\"387a2b2\" data-element_type=\"column\" data-e-type=\"column\" data-settings=\"{&quot;background_background&quot;:&quot;classic&quot;}\">\n\t\t\t<div class=\"elementor-widget-wrap\">\n\t\t\t\t\t\t\t<\/div>\n\t\t<\/div>\n\t\t\t\t\t<\/div>\n\t\t<\/section>\n\t\t\t\t<section class=\"elementor-section elementor-top-section elementor-element elementor-element-20d594f elementor-section-boxed elementor-section-height-default elementor-section-height-default\" data-id=\"20d594f\" data-element_type=\"section\" data-e-type=\"section\">\n\t\t\t\t\t\t<div class=\"elementor-container elementor-column-gap-no\">\n\t\t\t\t\t<div class=\"elementor-column elementor-col-50 elementor-top-column elementor-element elementor-element-8edd659 animated-fast elementor-invisible\" data-id=\"8edd659\" data-element_type=\"column\" data-e-type=\"column\" data-settings=\"{&quot;background_background&quot;:&quot;classic&quot;,&quot;animation&quot;:&quot;fadeIn&quot;,&quot;animation_tablet&quot;:&quot;none&quot;,&quot;animation_mobile&quot;:&quot;none&quot;,&quot;animation_delay&quot;:100}\">\n\t\t\t<div class=\"elementor-widget-wrap elementor-element-populated\">\n\t\t\t\t\t\t<div class=\"elementor-element elementor-element-f785a94 elementor-widget elementor-widget-heading\" data-id=\"f785a94\" data-element_type=\"widget\" data-e-type=\"widget\" data-widget_type=\"heading.default\">\n\t\t\t\t<div class=\"elementor-widget-container\">\n\t\t\t\t\t<h2 class=\"elementor-heading-title elementor-size-default\">Histoire<\/h2>\t\t\t\t<\/div>\n\t\t\t\t<\/div>\n\t\t\t\t<div class=\"elementor-element elementor-element-a77c45a elementor-widget elementor-widget-text-editor\" data-id=\"a77c45a\" data-element_type=\"widget\" data-e-type=\"widget\" data-widget_type=\"text-editor.default\">\n\t\t\t\t<div class=\"elementor-widget-container\">\n\t\t\t\t\t\t\t\t\t<p><strong>L\u2019Universit\u00e9 Autonome de Port-au-Prince (UNAP)<\/strong>\u00a0est une institution d\u2019enseignement sup\u00e9rieur d\u00fbment autoris\u00e9e \u00e0 fonctionner par le Minist\u00e8re de l\u2019\u00c9ducation Nationale et de la Formation Professionnelle, conform\u00e9ment aux arr\u00eat\u00e9s minist\u00e9riels no D-436-95 du 21 avril 1995 et no A-15-620 du 15 janvier 2004.\u00a0<\/p>\t\t\t\t\t\t\t\t<\/div>\n\t\t\t\t<\/div>\n\t\t\t\t\t<\/div>\n\t\t<\/div>\n\t\t\t\t<div class=\"elementor-column elementor-col-50 elementor-top-column elementor-element elementor-element-0cff86a elementor-hidden-desktop elementor-hidden-tablet elementor-hidden-phone\" data-id=\"0cff86a\" data-element_type=\"column\" data-e-type=\"column\">\n\t\t\t<div class=\"elementor-widget-wrap\">\n\t\t\t\t\t\t\t<\/div>\n\t\t<\/div>\n\t\t\t\t\t<\/div>\n\t\t<\/section>\n\t\t\t\t<section class=\"elementor-section elementor-top-section elementor-element elementor-element-f206155 elementor-section-content-middle elementor-section-boxed elementor-section-height-default elementor-section-height-default\" data-id=\"f206155\" data-element_type=\"section\" data-e-type=\"section\" data-settings=\"{&quot;animation&quot;:&quot;none&quot;,&quot;animation_tablet&quot;:&quot;none&quot;,&quot;animation_mobile&quot;:&quot;none&quot;,&quot;animation_delay&quot;:200}\">\n\t\t\t\t\t\t<div class=\"elementor-container elementor-column-gap-no\">\n\t\t\t\t\t<div class=\"elementor-column elementor-col-33 elementor-top-column elementor-element elementor-element-6c18fd3\" data-id=\"6c18fd3\" data-element_type=\"column\" data-e-type=\"column\">\n\t\t\t<div class=\"elementor-widget-wrap elementor-element-populated\">\n\t\t\t\t\t\t<div class=\"elementor-element elementor-element-4e5c184 elementor-widget__width-auto elementor-widget elementor-widget-heading\" data-id=\"4e5c184\" data-element_type=\"widget\" data-e-type=\"widget\" data-widget_type=\"heading.default\">\n\t\t\t\t<div class=\"elementor-widget-container\">\n\t\t\t\t\t<h1 class=\"elementor-heading-title elementor-size-default\">30+<\/h1>\t\t\t\t<\/div>\n\t\t\t\t<\/div>\n\t\t\t\t\t<\/div>\n\t\t<\/div>\n\t\t\t\t<div class=\"elementor-column elementor-col-66 elementor-top-column elementor-element elementor-element-e31d8ac\" data-id=\"e31d8ac\" data-element_type=\"column\" data-e-type=\"column\">\n\t\t\t<div class=\"elementor-widget-wrap elementor-element-populated\">\n\t\t\t\t\t\t<div class=\"elementor-element elementor-element-246400e elementor-widget__width-initial elementor-widget-tablet__width-inherit elementor-widget elementor-widget-heading\" data-id=\"246400e\" data-element_type=\"widget\" data-e-type=\"widget\" data-widget_type=\"heading.default\">\n\t\t\t\t<div class=\"elementor-widget-container\">\n\t\t\t\t\t<h2 class=\"elementor-heading-title elementor-size-default\">Ann\u00e9es d\u2019engagement dans l\u2019enseignement sup\u00e9rieur et la formation des futurs leaders<\/h2>\t\t\t\t<\/div>\n\t\t\t\t<\/div>\n\t\t\t\t\t<\/div>\n\t\t<\/div>\n\t\t\t\t\t<\/div>\n\t\t<\/section>\n\t\t\t\t<section class=\"elementor-section elementor-top-section elementor-element elementor-element-e6ad6ec elementor-section-boxed elementor-section-height-default elementor-section-height-default\" data-id=\"e6ad6ec\" data-element_type=\"section\" data-e-type=\"section\">\n\t\t\t\t\t\t<div class=\"elementor-container elementor-column-gap-default\">\n\t\t\t\t\t<div class=\"elementor-column elementor-col-100 elementor-top-column elementor-element elementor-element-6452e71\" data-id=\"6452e71\" data-element_type=\"column\" data-e-type=\"column\">\n\t\t\t<div class=\"elementor-widget-wrap elementor-element-populated\">\n\t\t\t\t\t\t<div class=\"elementor-element elementor-element-e41ea8c elementor-widget elementor-widget-text-editor\" data-id=\"e41ea8c\" data-element_type=\"widget\" data-e-type=\"widget\" data-settings=\"{&quot;_animation&quot;:&quot;none&quot;,&quot;_animation_tablet&quot;:&quot;none&quot;,&quot;_animation_delay&quot;:300}\" data-widget_type=\"text-editor.default\">\n\t\t\t\t<div class=\"elementor-widget-container\">\n\t\t\t\t\t\t\t\t\t<p data-spm-anchor-id=\"a2ty_o01.29997173.0.i36.4facc921yhzTFn\">L\u2019Universit\u00e9 Autonome de Port-au-Prince (UNAP) est une institution d\u2019enseignement sup\u00e9rieur d\u00fbment autoris\u00e9e \u00e0 fonctionner par le Minist\u00e8re de l\u2019\u00c9ducation Nationale et de la Formation Professionnelle, conform\u00e9ment aux arr\u00eat\u00e9s minist\u00e9riels no D-436-95 du 21 avril 1995 et no A-15-620 du 15 janvier 2004. Tous les dipl\u00f4mes qu\u2019elle d\u00e9livre sont officiellement homologu\u00e9s et l\u00e9galis\u00e9s par la Direction de l\u2019Enseignement Sup\u00e9rieur et de la Recherche Scientifique (DESRS) de ce minist\u00e8re. Par ailleurs, sa Facult\u00e9 de M\u00e9decine Dentaire b\u00e9n\u00e9ficie d\u2019une reconnaissance l\u00e9gale d\u00e9livr\u00e9e par le Minist\u00e8re de la Sant\u00e9 Publique et de la Population (MSPP), attest\u00e9e par les autorisations du 25 janvier 2011 et du 26 novembre 2013 (liste consultable sur le site officiel du MSPP : <em>\u00c9coles de sant\u00e9 autoris\u00e9es<\/em>).<\/p><div class=\"my-2\">\u00a0<\/div><p>Situ\u00e9e au 5, rue Robert, Santo 25, Croix-des-Bouquets, Ha\u00efti (code postal HT6110), l\u2019UNAP propose une offre acad\u00e9mique diversifi\u00e9e, structur\u00e9e autour de trois niveaux de formation :<\/p><ul dir=\"auto\"><li>Premier cycle (licence \u2013 B.A.) : Odontologie, Gestion et Commerce, \u00c9ducation ;<\/li><li>Deuxi\u00e8me cycle (ma\u00eetrise) : Ma\u00eetrise en \u00e9ducation (M.Ed.), Ma\u00eetrise en Finance et Banque (MBA) ;<\/li><li>Formations de courte duree\u00a0: .<\/li><\/ul><div class=\"my-2\">\u00a0<\/div><div class=\"my-2\">\u00a0<\/div><p>Depuis sa fondation, l\u2019UNAP s\u2019inscrit r\u00e9solument dans une dynamique de renforcement de la qualit\u00e9 de l\u2019enseignement sup\u00e9rieur ha\u00eftien. Ses dirigeants visent \u00e0 en faire un p\u00f4le d\u2019excellence et de r\u00e9f\u00e9rence acad\u00e9mique national, en alignant ses programmes, ses pratiques p\u00e9dagogiques et ses valeurs sur les standards internationaux, tout en restant ancr\u00e9e dans le contexte socio-culturel ha\u00eftien.<\/p><div class=\"my-2\">\u00a0<\/div><p>Guid\u00e9e par une philosophie anthropo-chr\u00e9tienne, l\u2019UNAP forme des citoyens moraux, comp\u00e9tents et engag\u00e9s\u00a0 des hommes et des femmes honn\u00eates, responsables, respectueux des biens publics, et profond\u00e9ment ancr\u00e9s dans une citoyennet\u00e9 christocentrique. Cette formation vise \u00e0 d\u00e9velopper chez les \u00e9tudiants un sens aigu de la v\u00e9rit\u00e9, de la justice et du service, les rendant capables de r\u00e9sister \u00e0 la corruption et de d\u00e9fendre les valeurs d\u00e9mocratiques, m\u00eame au prix du sacrifice personnel.<\/p><div class=\"my-2\">\u00a0<\/div><p>\u00c0 celles et ceux qui aspirent \u00e0 une formation universitaire rigoureuse, exigeante et porteuse de sens en Ha\u00efti, l\u2019UNAP tend la main.\u00a0<\/p><p>Bienvenue dans une universit\u00e9 qui forme non seulement des professionnels, mais des b\u00e2tisseurs.<\/p>\t\t\t\t\t\t\t\t<\/div>\n\t\t\t\t<\/div>\n\t\t\t\t\t<\/div>\n\t\t<\/div>\n\t\t\t\t\t<\/div>\n\t\t<\/section>\n\t\t<div class=\"elementor-element elementor-element-c6507bf e-flex e-con-boxed e-con e-parent\" data-id=\"c6507bf\" data-element_type=\"container\" data-e-type=\"container\">\n\t\t\t\t\t<div class=\"e-con-inner\">\n\t\t\t\t\t<\/div>\n\t\t\t\t<\/div>\n\t\t\t\t<\/div>\n\t\t\n    <div class=\"xs_social_share_widget xs_share_url after_content \t\tmain_content  wslu-style-1 wslu-share-box-shaped wslu-fill-colored wslu-none wslu-share-horizontal wslu-theme-font-no wslu-main_content\">\n\n\t\t\n        <ul>\n\t\t\t        <\/ul>\n    <\/div>","protected":false},"excerpt":{"rendered":"<p>Histoire L\u2019Universit\u00e9 Autonome de Port-au-Prince (UNAP)\u00a0est une institution d\u2019enseignement sup\u00e9rieur d\u00fbment autoris\u00e9e \u00e0 fonctionner par le Minist\u00e8re de l\u2019\u00c9ducation Nationale&#8230;<\/p>","protected":false},"author":2,"featured_media":0,"parent":0,"menu_order":0,"comment_status":"closed","ping_status":"closed","template":"","meta":{"footnotes":""},"class_list":["post-6397","page","type-page","status-publish","hentry"],"yoast_head":"<!-- This site is optimized with the Yoast SEO plugin v27.2 - https:\/\/yoast.com\/product\/yoast-seo-wordpress\/ -->\n<title>History - UNAP<\/title>\n<meta name=\"robots\" content=\"index, follow, max-snippet:-1, max-image-preview:large, max-video-preview:-1\" \/>\n<link rel=\"canonical\" href=\"https:\/\/unapedu.net\/fr\/history\/\" \/>\n<meta property=\"og:locale\" content=\"fr_FR\" \/>\n<meta property=\"og:type\" content=\"article\" \/>\n<meta property=\"og:title\" content=\"History - UNAP\" \/>\n<meta property=\"og:description\" content=\"Histoire L\u2019Universit\u00e9 Autonome de Port-au-Prince (UNAP)\u00a0est une institution d\u2019enseignement sup\u00e9rieur d\u00fbment autoris\u00e9e \u00e0 fonctionner par le Minist\u00e8re de l\u2019\u00c9ducation Nationale...\" \/>\n<meta property=\"og:url\" content=\"https:\/\/unapedu.net\/fr\/history\/\" \/>\n<meta property=\"og:site_name\" content=\"UNAP\" \/>\n<meta property=\"article:modified_time\" content=\"2025-10-14T02:25:03+00:00\" \/>\n<meta name=\"twitter:card\" content=\"summary_large_image\" \/>\n<meta name=\"twitter:label1\" content=\"Dur\u00e9e de lecture estim\u00e9e\" \/>\n\t<meta name=\"twitter:data1\" content=\"2 minutes\" \/>\n<script type=\"application\/ld+json\" class=\"yoast-schema-graph\">{\"@context\":\"https:\/\/schema.org\",\"@graph\":[{\"@type\":\"WebPage\",\"@id\":\"https:\/\/unapedu.net\/fr\/history\/\",\"url\":\"https:\/\/unapedu.net\/fr\/history\/\",\"name\":\"History - UNAP\",\"isPartOf\":{\"@id\":\"https:\/\/unapedu.net\/fr\/#website\"},\"datePublished\":\"2020-11-21T09:54:07+00:00\",\"dateModified\":\"2025-10-14T02:25:03+00:00\",\"breadcrumb\":{\"@id\":\"https:\/\/unapedu.net\/fr\/history\/#breadcrumb\"},\"inLanguage\":\"fr-FR\",\"potentialAction\":[{\"@type\":\"ReadAction\",\"target\":[\"https:\/\/unapedu.net\/fr\/history\/\"]}]},{\"@type\":\"BreadcrumbList\",\"@id\":\"https:\/\/unapedu.net\/fr\/history\/#breadcrumb\",\"itemListElement\":[{\"@type\":\"ListItem\",\"position\":1,\"name\":\"Home\",\"item\":\"https:\/\/unapedu.net\/\"},{\"@type\":\"ListItem\",\"position\":2,\"name\":\"History\"}]},{\"@type\":\"WebSite\",\"@id\":\"https:\/\/unapedu.net\/fr\/#website\",\"url\":\"https:\/\/unapedu.net\/fr\/\",\"name\":\"UNAP\",\"description\":\"Universite Autonome de Port-au-Prince\",\"publisher\":{\"@id\":\"https:\/\/unapedu.net\/fr\/#organization\"},\"potentialAction\":[{\"@type\":\"SearchAction\",\"target\":{\"@type\":\"EntryPoint\",\"urlTemplate\":\"https:\/\/unapedu.net\/fr\/?s={search_term_string}\"},\"query-input\":{\"@type\":\"PropertyValueSpecification\",\"valueRequired\":true,\"valueName\":\"search_term_string\"}}],\"inLanguage\":\"fr-FR\"},{\"@type\":\"Organization\",\"@id\":\"https:\/\/unapedu.net\/fr\/#organization\",\"name\":\"UNAP\",\"url\":\"https:\/\/unapedu.net\/fr\/\",\"logo\":{\"@type\":\"ImageObject\",\"inLanguage\":\"fr-FR\",\"@id\":\"https:\/\/unapedu.net\/fr\/#\/schema\/logo\/image\/\",\"url\":\"https:\/\/unapedu.net\/wp-content\/uploads\/2025\/01\/cropped-logo-Unap-bblue-text-1.webp\",\"contentUrl\":\"https:\/\/unapedu.net\/wp-content\/uploads\/2025\/01\/cropped-logo-Unap-bblue-text-1.webp\",\"width\":240,\"height\":231,\"caption\":\"UNAP\"},\"image\":{\"@id\":\"https:\/\/unapedu.net\/fr\/#\/schema\/logo\/image\/\"}}]}<\/script>\n<!-- \/ Yoast SEO plugin. -->","yoast_head_json":{"title":"History - UNAP","robots":{"index":"index","follow":"follow","max-snippet":"max-snippet:-1","max-image-preview":"max-image-preview:large","max-video-preview":"max-video-preview:-1"},"canonical":"https:\/\/unapedu.net\/fr\/history\/","og_locale":"fr_FR","og_type":"article","og_title":"History - UNAP","og_description":"Histoire L\u2019Universit\u00e9 Autonome de Port-au-Prince (UNAP)\u00a0est une institution d\u2019enseignement sup\u00e9rieur d\u00fbment autoris\u00e9e \u00e0 fonctionner par le Minist\u00e8re de l\u2019\u00c9ducation Nationale...","og_url":"https:\/\/unapedu.net\/fr\/history\/","og_site_name":"UNAP","article_modified_time":"2025-10-14T02:25:03+00:00","twitter_card":"summary_large_image","twitter_misc":{"Dur\u00e9e de lecture estim\u00e9e":"2 minutes"},"schema":{"@context":"https:\/\/schema.org","@graph":[{"@type":"WebPage","@id":"https:\/\/unapedu.net\/fr\/history\/","url":"https:\/\/unapedu.net\/fr\/history\/","name":"History - UNAP","isPartOf":{"@id":"https:\/\/unapedu.net\/fr\/#website"},"datePublished":"2020-11-21T09:54:07+00:00","dateModified":"2025-10-14T02:25:03+00:00","breadcrumb":{"@id":"https:\/\/unapedu.net\/fr\/history\/#breadcrumb"},"inLanguage":"fr-FR","potentialAction":[{"@type":"ReadAction","target":["https:\/\/unapedu.net\/fr\/history\/"]}]},{"@type":"BreadcrumbList","@id":"https:\/\/unapedu.net\/fr\/history\/#breadcrumb","itemListElement":[{"@type":"ListItem","position":1,"name":"Home","item":"https:\/\/unapedu.net\/"},{"@type":"ListItem","position":2,"name":"History"}]},{"@type":"WebSite","@id":"https:\/\/unapedu.net\/fr\/#website","url":"https:\/\/unapedu.net\/fr\/","name":"UNAP","description":"Universite Autonome de Port-au-Prince","publisher":{"@id":"https:\/\/unapedu.net\/fr\/#organization"},"potentialAction":[{"@type":"SearchAction","target":{"@type":"EntryPoint","urlTemplate":"https:\/\/unapedu.net\/fr\/?s={search_term_string}"},"query-input":{"@type":"PropertyValueSpecification","valueRequired":true,"valueName":"search_term_string"}}],"inLanguage":"fr-FR"},{"@type":"Organization","@id":"https:\/\/unapedu.net\/fr\/#organization","name":"UNAP","url":"https:\/\/unapedu.net\/fr\/","logo":{"@type":"ImageObject","inLanguage":"fr-FR","@id":"https:\/\/unapedu.net\/fr\/#\/schema\/logo\/image\/","url":"https:\/\/unapedu.net\/wp-content\/uploads\/2025\/01\/cropped-logo-Unap-bblue-text-1.webp","contentUrl":"https:\/\/unapedu.net\/wp-content\/uploads\/2025\/01\/cropped-logo-Unap-bblue-text-1.webp","width":240,"height":231,"caption":"UNAP"},"image":{"@id":"https:\/\/unapedu.net\/fr\/#\/schema\/logo\/image\/"}}]}},"jetpack_sharing_enabled":true,"_links":{"self":[{"href":"https:\/\/unapedu.net\/fr\/wp-json\/wp\/v2\/pages\/6397","targetHints":{"allow":["GET"]}}],"collection":[{"href":"https:\/\/unapedu.net\/fr\/wp-json\/wp\/v2\/pages"}],"about":[{"href":"https:\/\/unapedu.net\/fr\/wp-json\/wp\/v2\/types\/page"}],"author":[{"embeddable":true,"href":"https:\/\/unapedu.net\/fr\/wp-json\/wp\/v2\/users\/2"}],"replies":[{"embeddable":true,"href":"https:\/\/unapedu.net\/fr\/wp-json\/wp\/v2\/comments?post=6397"}],"version-history":[{"count":21,"href":"https:\/\/unapedu.net\/fr\/wp-json\/wp\/v2\/pages\/6397\/revisions"}],"predecessor-version":[{"id":988507,"href":"https:\/\/unapedu.net\/fr\/wp-json\/wp\/v2\/pages\/6397\/revisions\/988507"}],"wp:attachment":[{"href":"https:\/\/unapedu.net\/fr\/wp-json\/wp\/v2\/media?parent=6397"}],"curies":[{"name":"wp","href":"https:\/\/api.w.org\/{rel}","templated":true}]}}